{"id":333,"date":"2019-02-06T03:35:31","date_gmt":"2019-02-06T03:35:31","guid":{"rendered":"https:\/\/ninetheme.com\/themes\/agro\/?page_id=333"},"modified":"2019-02-06T03:35:31","modified_gmt":"2019-02-06T03:35:31","slug":"blog-grid","status":"publish","type":"page","link":"https:\/\/uliwa.co.mz\/index.php\/blog-grid\/","title":{"rendered":"Blog Grid"},"content":{"rendered":"<div class=\"wpb-content-wrapper\">[vc_row full_width=&#8221;container-null&#8221;][vc_column agro_disable_column=&#8221;yes&#8221;]<div id=\"hero\" class=\"nt-shortcode-hero jarallax section_69ebbc444f8dd vc_custom_1549423946303 \" data-speed=\"0.7\" data-img-position=\"50% 80%\" data-res-css=\"          \"><div class=\"container\"><div class=\"row\"><div class=\"col-12 col-lg-7\"><h1 class=\"__title\"><span>OUR<\/span> BLOG<\/h1><p class=\"nt-hero-desc\">The point of using Lorem Ipsum is that it has a more-or-less normal distribution of letters, as opposed to using &#039;Content here, content here&#039;, making it look like readable English<\/p><div class=\"shortcode-page-breadcrumbs breadcrumb\"><div class=\"nt-breadcrumbs\"><ul class=\"nt-breadcrumbs-list\"><li class=\"bitem\"><span><a class=\"breadcrumbs__link\" href=\"https:\/\/uliwa.co.mz\/\"><span>Home<\/span><\/a><\/span><\/li><\/ul><\/div><\/div><\/div><\/div><\/div><\/div>[\/vc_column][\/vc_row][vc_row full_width=&#8221;container-null&#8221;][vc_column agro_disable_column=&#8221;yes&#8221;]<div class=\"section section-blog blog_69ebbc444fca4\" data-res-css=\"                     \"><div class=\"container\"><div class=\"posts posts--style-1\"><div class=\"__inner\"><div class=\"row\"><div class=\"nt-post col-12 col-sm-6 col-lg-4 post-1100 post type-post status-publish format-standard has-post-thumbnail hentry category-web  nt-post-class\"><div class=\"__item __item--preview\" data-aos=\"flip-up\" data-aos-delay=\"100\" data-aos-offset=\"0\"><figure class=\"__image\"><img decoding=\"async\" src=\"https:\/\/uliwa.co.mz\/wp-content\/uploads\/2025\/09\/PHOTO-2025-08-21-15-36-51-767x812.jpg\" alt=\"O Processo de Pesagem de Pintos na ULIWA\" \/><\/figure><div class=\"__content\"><p class=\"__category\"><a href=\"https:\/\/uliwa.co.mz\/index.php\/category\/web\/\" rel=\"category tag\">Web<\/a><\/p><h3 class=\"__title h5\"><a href=\"https:\/\/uliwa.co.mz\/index.php\/2025\/09\/06\/o-processo-de-pesagem-de-pintos-na-uliwa\/\">O Processo de Pesagem de Pintos na ULIWA<\/a><\/h3><p>Na ULIWA, a qualidade come\u00e7a desde os primeiros dias de vida dos pintos. Um dos cuidados essenciais adotados pela nossa equipe t\u00e9cnica \u00e9 o processo de pesagem, que garante o&hellip;<\/p>\n<a href=\"https:\/\/uliwa.co.mz\/index.php\/2025\/09\/06\/o-processo-de-pesagem-de-pintos-na-uliwa\/\" class=\"custom-btn custom-btn--medium custom-btn--style-1\">Read more<\/a><\/div><span class=\"__date-post\"><strong>6<\/strong>Set<\/span><\/div><\/div><div class=\"nt-post col-12 col-sm-6 col-lg-4 post-1088 post type-post status-publish format-standard has-post-thumbnail hentry category-web  nt-post-class\"><div class=\"__item __item--preview\" data-aos=\"flip-up\" data-aos-delay=\"200\" data-aos-offset=\"0\"><figure class=\"__image\"><img decoding=\"async\" src=\"https:\/\/uliwa.co.mz\/wp-content\/uploads\/2025\/08\/PHOTO-2025-08-07-11-15-57-767x812.jpg\" alt=\"ULIWA Refor\u00e7a Equipe T\u00e9cnica para Garantir Qualidade em Frangos e Servi\u00e7os\" \/><\/figure><div class=\"__content\"><p class=\"__category\"><a href=\"https:\/\/uliwa.co.mz\/index.php\/category\/web\/\" rel=\"category tag\">Web<\/a><\/p><h3 class=\"__title h5\"><a href=\"https:\/\/uliwa.co.mz\/index.php\/2025\/09\/06\/uliwa-reforca-equipe-tecnica-para-garantir-qualidade-em-frangos-e-servicos\/\">ULIWA Refor\u00e7a Equipe T\u00e9cnica para Garantir Qualidade em Frangos e Servi\u00e7os<\/a><\/h3><p>A ULIWA continua a consolidar a sua posi\u00e7\u00e3o como refer\u00eancia na produ\u00e7\u00e3o e comercializa\u00e7\u00e3o de frangos e pintos, investindo cada vez mais na sua equipe t\u00e9cnica especializada. Composta por profissionais&hellip;<\/p>\n<a href=\"https:\/\/uliwa.co.mz\/index.php\/2025\/09\/06\/uliwa-reforca-equipe-tecnica-para-garantir-qualidade-em-frangos-e-servicos\/\" class=\"custom-btn custom-btn--medium custom-btn--style-1\">Read more<\/a><\/div><span class=\"__date-post\"><strong>6<\/strong>Set<\/span><\/div><\/div><div class=\"col-12 pagination-shortcode\"><\/div><\/div><\/div><\/div><\/div><\/div>[\/vc_column][\/vc_row][vc_row full_width=&#8221;container-stretch&#8221; css=&#8221;.vc_custom_1549793151592{padding-bottom: 124px !important;}&#8221; agro_md_css=&#8221;.vc_custom_1549793151603{padding-bottom: 84px !important;}&#8221; el_class=&#8221;section section&#8211;dark-bg&#8221; agro_sm_css=&#8221;.vc_custom_1549793151603{padding-bottom: 54px !important;}&#8221; 992_desc=&#8221;&#8221; 768_desc=&#8221;&#8221; 576_desc=&#8221;&#8221;][vc_column el_class=&#8221;section-heading&#8211;white&#8221;]<div class=\"section-heading section-heading--center item_69ebbc445130f\" data-res-css=\"     \" data-aos=\"fade\"><h2 class=\"__title\">GET <span>IN TOUCH<\/span><\/h2><p>Latin words, combined with a handful of model sentence structures, to generate Lorem Ipsum which looks reasonable.<\/p><\/div><p class=\"wpcf7-contact-form-not-found\"><strong>Erro:<\/strong> Formul\u00e1rio de contacto n\u00e3o encontrado.<\/p>[\/vc_column][\/vc_row][vc_row full_width=&#8221;container-null&#8221;][vc_column agro_disable_column=&#8221;yes&#8221;]<div class=\"section section--no-pt section--no-pb\" style=\"min-height: 255px\"><div class=\"g_map\" data-zoom=\"15\" data-api-key=\"AIzaSyBXQROV5YMCERGIIuwxrmaZbBl_Wm4Dy5U\" data-longitude=\"44.958309\" data-latitude=\"34.109925\" data-marker=\"https:\/\/uliwa.co.mz\/wp-content\/uploads\/2019\/02\/marker.png\" style=\"min-height: 255px\"><\/div><\/div>[\/vc_column][\/vc_row]\n<\/div>","protected":false},"excerpt":{"rendered":"<p>[vc_row full_width=&#8221;container-null&#8221;][vc_column agro_disable_column=&#8221;yes&#8221;][\/vc_column][\/vc_row][vc_row full_width=&#8221;container-null&#8221;][vc_column agro_disable_column=&#8221;yes&#8221;][\/vc_column][\/vc_row][vc_row full_width=&#8221;container-stretch&#8221; css=&#8221;.vc_custom_1549793151592{padding-bottom: 124px !important;}&#8221; agro_md_css=&#8221;.vc_custom_1549793151603{padding-bottom: 84px !important;}&#8221; el_class=&#8221;section section&#8211;dark-bg&#8221; agro_sm_css=&#8221;.vc_custom_1549793151603{padding-bottom: 54px !important;}&#8221; 992_desc=&#8221;&#8221; 768_desc=&#8221;&#8221; 576_desc=&#8221;&#8221;][vc_column el_class=&#8221;section-heading&#8211;white&#8221;][\/vc_column][\/vc_row][vc_row full_width=&#8221;container-null&#8221;][vc_column agro_disable_column=&#8221;yes&#8221;][\/vc_column][\/vc_row]<\/p>\n","protected":false},"author":1,"featured_media":0,"parent":0,"menu_order":0,"comment_status":"closed","ping_status":"closed","template":"custom-page.php","meta":{"footnotes":""},"class_list":["post-333","page","type-page","status-publish","hentry"," nt-post-class"],"_links":{"self":[{"href":"https:\/\/uliwa.co.mz\/index.php\/wp-json\/wp\/v2\/pages\/333","targetHints":{"allow":["GET"]}}],"collection":[{"href":"https:\/\/uliwa.co.mz\/index.php\/wp-json\/wp\/v2\/pages"}],"about":[{"href":"https:\/\/uliwa.co.mz\/index.php\/wp-json\/wp\/v2\/types\/page"}],"author":[{"embeddable":true,"href":"https:\/\/uliwa.co.mz\/index.php\/wp-json\/wp\/v2\/users\/1"}],"replies":[{"embeddable":true,"href":"https:\/\/uliwa.co.mz\/index.php\/wp-json\/wp\/v2\/comments?post=333"}],"version-history":[{"count":0,"href":"https:\/\/uliwa.co.mz\/index.php\/wp-json\/wp\/v2\/pages\/333\/revisions"}],"wp:attachment":[{"href":"https:\/\/uliwa.co.mz\/index.php\/wp-json\/wp\/v2\/media?parent=333"}],"curies":[{"name":"wp","href":"https:\/\/api.w.org\/{rel}","templated":true}]}}