{"id":322,"date":"2019-02-05T16:34:32","date_gmt":"2019-02-05T16:34:32","guid":{"rendered":"https:\/\/ninetheme.com\/themes\/agro\/?page_id=322"},"modified":"2025-08-07T15:23:55","modified_gmt":"2025-08-07T15:23:55","slug":"contact","status":"publish","type":"page","link":"https:\/\/uliwa.co.mz\/index.php\/contact\/","title":{"rendered":"Contact"},"content":{"rendered":"<div class=\"wpb-content-wrapper\">[vc_row full_width=&#8221;container-null&#8221;][vc_column agro_disable_column=&#8221;yes&#8221;]<div id=\"hero\" class=\"nt-shortcode-hero jarallax section_69eba8d9cae64 vc_custom_1754580196239 \" data-speed=\"0.7\" data-img-position=\"50% 80%\" data-res-css=\"          \"><div class=\"container\"><div class=\"row\"><div class=\"col-12 col-lg-7\"><h1 class=\"__title\"><span>ULIWA AGRICOLA &amp; SERVI\u00c7OS<\/span> CONTACTE-NOS<\/h1><p class=\"nt-hero-desc\">Na ULIWA AGR\u00cdCOLA &amp; SERVI\u00c7OS, Produzimoss mais do que frangos e ovos Trabalhamos todos os dias para garantir alimentos frescos, nutritivos e produzidos com respeito ao bem-estar animal e ao meio ambiente.<\/p><div class=\"shortcode-page-breadcrumbs breadcrumb\"><div class=\"nt-breadcrumbs\"><ul class=\"nt-breadcrumbs-list\"><li class=\"bitem\"><span><a class=\"breadcrumbs__link\" href=\"https:\/\/uliwa.co.mz\/\"><span>Home<\/span><\/a><\/span><\/li><\/ul><\/div><\/div><\/div><\/div><\/div><\/div>[\/vc_column][\/vc_row][vc_row full_width=&#8221;container-null&#8221;][vc_column agro_disable_column=&#8221;yes&#8221;]<div class=\"section section_69eba8d9d1e16\" data-res-css=\"  \"><div class=\"container\"><div class=\"company-contacts text-center\"><div class=\"__inner\"><div class=\"row justify-content-around\"><div class=\"col-12 col-md-4 col-lg-3\"><div class=\"__item\"><i class=\"__ico fontello-location\"><\/i><h4 class=\"__title\">ENDERE\u00c7O<\/h4><p>Munic\u00edpio da Namaacha, Bairro de Ndonguene, Rua a caminho de Mbuzine.<\/p><\/div><\/div><div class=\"col-12 col-md-4 col-lg-3\"><div class=\"__item\"><i class=\"__ico fontello-phone\"><\/i><h4 class=\"__title\">TELEFONE<\/h4><p>+258 824292880, <br>+258 824292880<\/p><\/div><\/div><div class=\"col-12 col-md-4 col-lg-3\"><div class=\"__item\"><i class=\"__ico fontello-mail-1\"><\/i><h4 class=\"__title\">E-MAIL<\/h4><p><a href=\"mailto:support@agrocompany.com\">comercial@uliwa.co.mz <\/a><\/p><\/div><\/div><\/div><\/div><\/div><\/div><\/div>[\/vc_column][\/vc_row][vc_row full_width=&#8221;container-null&#8221;][vc_column agro_disable_column=&#8221;yes&#8221;]<div class=\"section section--dark-bg section--contacts section_69eba8d9d1e4f\" data-res-css=\"     \"><div class=\"container\"><div class=\"row justify-content-end\"><div class=\"col-12 col-md-6\"><div class=\"row justify-content-end\"><div class=\"col-md-11\"><div class=\"section-heading section-heading--white\"><h2 class=\"__title\">ENTRE <span>EM CONTACTO<\/span><\/h2><p>Na ULIWA AGR\u00cdCOLA &amp; SERVI\u00c7OS, valorizamos cada cliente e parceiro. Seja para fazer uma encomenda, solicitar um or\u00e7amento ou apenas tirar d\u00favidas, estamos \u00e0 sua disposi\u00e7\u00e3o com um atendimento r\u00e1pido, cordial e personalizado.<\/p><\/div>\n<div class=\"wpcf7 no-js\" id=\"wpcf7-f941-o1\" lang=\"en-US\" dir=\"ltr\" data-wpcf7-id=\"941\">\n<div class=\"screen-reader-response\"><p role=\"status\" aria-live=\"polite\" aria-atomic=\"true\"><\/p> <ul><\/ul><\/div>\n<form action=\"\/index.php\/wp-json\/wp\/v2\/pages\/322#wpcf7-f941-o1\" method=\"post\" class=\"wpcf7-form init\" aria-label=\"Contact form\" novalidate=\"novalidate\" data-status=\"init\">\n<fieldset class=\"hidden-fields-container\"><input type=\"hidden\" name=\"_wpcf7\" value=\"941\" \/><input type=\"hidden\" name=\"_wpcf7_version\" value=\"6.1\" \/><input type=\"hidden\" name=\"_wpcf7_locale\" value=\"en_US\" \/><input type=\"hidden\" name=\"_wpcf7_unit_tag\" value=\"wpcf7-f941-o1\" \/><input type=\"hidden\" name=\"_wpcf7_container_post\" value=\"0\" \/><input type=\"hidden\" name=\"_wpcf7_posted_data_hash\" value=\"\" \/>\n<\/fieldset>\n<div class=\"contact-form js-contact-form\" data-aos=\"fade\">\n\t<div class=\"row\">\n\t\t<div class=\"col-12 col-md-6\">\n\t\t\t<div class=\"input-wrp\">\n\t\t\t\t<p><span class=\"wpcf7-form-control-wrap\" data-name=\"text-787\"><input size=\"40\" maxlength=\"400\" class=\"wpcf7-form-control wpcf7-text wpcf7-validates-as-required textfield\" aria-required=\"true\" aria-invalid=\"false\" placeholder=\"Name\" value=\"\" type=\"text\" name=\"text-787\" \/><\/span>\n\t\t\t\t<\/p>\n\t\t\t<\/div>\n\t\t<\/div>\n\t\t<div class=\"col-12 col-md-6\">\n\t\t\t<div class=\"input-wrp\">\n\t\t\t\t<p><span class=\"wpcf7-form-control-wrap\" data-name=\"text-787\"><input size=\"40\" maxlength=\"400\" class=\"wpcf7-form-control wpcf7-text wpcf7-validates-as-required textfield\" aria-required=\"true\" aria-invalid=\"false\" placeholder=\"E-mail\" value=\"\" type=\"text\" name=\"text-787\" \/><\/span>\n\t\t\t\t<\/p>\n\t\t\t<\/div>\n\t\t<\/div>\n\t<\/div>\n\t<div class=\"input-wrp\">\n\t\t<p><span class=\"wpcf7-form-control-wrap\" data-name=\"textarea-212\"><textarea cols=\"10\" rows=\"2\" maxlength=\"2000\" class=\"wpcf7-form-control wpcf7-textarea wpcf7-validates-as-required textfield\" aria-required=\"true\" aria-invalid=\"false\" placeholder=\"Comments\" name=\"textarea-212\"><\/textarea><\/span>\n\t\t<\/p>\n\t<\/div>\n\t<p><input class=\"wpcf7-form-control wpcf7-submit has-spinner custom-btn custom-btn--medium custom-btn--style-3 wide\" type=\"submit\" value=\"Send\" \/>\n\t<\/p>\n<\/div><p style=\"display: none !important;\" class=\"akismet-fields-container\" data-prefix=\"_wpcf7_ak_\"><label>&#916;<textarea name=\"_wpcf7_ak_hp_textarea\" cols=\"45\" rows=\"8\" maxlength=\"100\"><\/textarea><\/label><input type=\"hidden\" id=\"ak_js_1\" name=\"_wpcf7_ak_js\" value=\"202\"\/><script>document.getElementById( \"ak_js_1\" ).setAttribute( \"value\", ( new Date() ).getTime() );<\/script><\/p><div class=\"wpcf7-response-output\" aria-hidden=\"true\"><\/div>\n<\/form>\n<\/div>\n<\/div><\/div><\/div><\/div><\/div><div class=\"row no-gutters\"><div class=\"col-md-6 map-container map-container--left\"><div class=\"g_map\" data-api-key=\"AIzaSyBXQROV5YMCERGIIuwxrmaZbBl_Wm4Dy5U\" data-longitude=\"32.0043055\" data-latitude=\"-25.9271168\" data-marker=\"https:\/\/uliwa.co.mz\/wp-content\/uploads\/2019\/02\/marker.png\" style=\"min-height: 255px\"><\/div><\/div><\/div><\/div>[\/vc_column][\/vc_row]\n<\/div>","protected":false},"excerpt":{"rendered":"<p>[vc_row full_width=&#8221;container-null&#8221;][vc_column agro_disable_column=&#8221;yes&#8221;][\/vc_column][\/vc_row][vc_row full_width=&#8221;container-null&#8221;][vc_column agro_disable_column=&#8221;yes&#8221;][\/vc_column][\/vc_row][vc_row full_width=&#8221;container-null&#8221;][vc_column agro_disable_column=&#8221;yes&#8221;][\/vc_column][\/vc_row]<\/p>\n","protected":false},"author":1,"featured_media":0,"parent":0,"menu_order":0,"comment_status":"closed","ping_status":"closed","template":"custom-page.php","meta":{"footnotes":""},"class_list":["post-322","page","type-page","status-publish","hentry"," nt-post-class"],"_links":{"self":[{"href":"https:\/\/uliwa.co.mz\/index.php\/wp-json\/wp\/v2\/pages\/322","targetHints":{"allow":["GET"]}}],"collection":[{"href":"https:\/\/uliwa.co.mz\/index.php\/wp-json\/wp\/v2\/pages"}],"about":[{"href":"https:\/\/uliwa.co.mz\/index.php\/wp-json\/wp\/v2\/types\/page"}],"author":[{"embeddable":true,"href":"https:\/\/uliwa.co.mz\/index.php\/wp-json\/wp\/v2\/users\/1"}],"replies":[{"embeddable":true,"href":"https:\/\/uliwa.co.mz\/index.php\/wp-json\/wp\/v2\/comments?post=322"}],"version-history":[{"count":8,"href":"https:\/\/uliwa.co.mz\/index.php\/wp-json\/wp\/v2\/pages\/322\/revisions"}],"predecessor-version":[{"id":996,"href":"https:\/\/uliwa.co.mz\/index.php\/wp-json\/wp\/v2\/pages\/322\/revisions\/996"}],"wp:attachment":[{"href":"https:\/\/uliwa.co.mz\/index.php\/wp-json\/wp\/v2\/media?parent=322"}],"curies":[{"name":"wp","href":"https:\/\/api.w.org\/{rel}","templated":true}]}}